{"id":2,"date":"2014-09-09T09:53:22","date_gmt":"2014-09-09T08:53:22","guid":{"rendered":"http:\/\/www.crikvenica.cz\/?page_id=2"},"modified":"2021-02-12T10:54:17","modified_gmt":"2021-02-12T09:54:17","slug":"zkusebni-stranka","status":"publish","type":"page","link":"https:\/\/www.crikvenica.cz\/","title":{"rendered":"Apartm\u00e1ny &#8211; Vila \u0160tefan\u010di\u0107"},"content":{"rendered":"<p style=\"text-align: justify;\"><a href=\"http:\/\/www.crikvenica.cz\/wp-content\/uploads\/2014\/09\/o_nas.jpg\"><img loading=\"lazy\" decoding=\"async\" class=\"alignnone wp-image-9 size-large\" src=\"http:\/\/www.crikvenica.cz\/wp-content\/uploads\/2014\/09\/o_nas-1024x768.jpg\" alt=\"o_nas\" width=\"584\" height=\"438\"><\/a><br \/>\nRodina \u0160tefan\u010di\u0107 v\u00e1m nab\u00edz\u00ed ubytov\u00e1n\u00ed ve sv\u00e9m dom\u011b v Crikvenici, kter\u00e1 le\u017e\u00ed v severn\u00ed \u010d\u00e1sti Jadranu &#8211; &#8222;Kvarnersk\u00e9m z\u00e1livu&#8220; p\u0159ibli\u017en\u011b 36 km od Rijeky. Apartm\u00e1n, kter\u00fd le\u017e\u00ed nad st\u0159edem m\u011bsta, asi 400 metr\u016f od mo\u0159e a pl\u00e1\u017e\u00ed v\u00e1m nab\u00edz\u00ed p\u0159ekr\u00e1sn\u00fd a pohodov\u00fd pobyt v t\u00e9to vile.<\/p>\n<p style=\"text-align: justify;\"><strong>V dom\u011b jsou k dipozici host\u016fm tyto apartm\u00e1ny:<\/strong><br \/>\nApartm\u00e1n v prvn\u00edm pat\u0159e se 3 lo\u017enicemi celkem se 6 l\u016f\u017eky a 1 p\u0159ist\u00fdlkou, za\u0159\u00edzenou kuchyn\u00ed, koupelnu a WC.&nbsp; Apartm\u00e1n m\u00e1 k dispozici rozlelehlou verandu, kter\u00e1 poskytuje p\u0159ekr\u00e1sn\u00fd v\u00fdhled na pr\u016fliv, odd\u011bluj\u00edc\u00ed ostrov Krk od pevniny a nebo pohodov\u00e9 posezen\u00ed \u010di pole\u017een\u00ed v leh\u00e1tku u k\u00e1vi\u010dky. D\u00e1le je tu mo\u017enost ubytov\u00e1n\u00ed v garsonie\u0159e se dv\u011bmi l\u016f\u017eky a 1 p\u0159ist\u00fdlkou se samostatnou kuchy\u0148kou, koupelnou a WC. Ke garsonie\u0159e p\u0159il\u00e9h\u00e1 stinn\u00e1 veranda. Pobyt usnad\u0148uje velice vst\u0159\u00edcn\u00e1, sympatick\u00e1 a \u010desky mluv\u00edc\u00ed pan\u00ed dom\u00e1c\u00ed a jej\u00ed rodina p\u016fvodem z \u010cech. M\u00e1te tak\u00e9 mo\u017enost parkov\u00e1n\u00ed ve dvo\u0159e domu kam se vejde p\u0159ibli\u017en\u011b 6 aut.<\/p>\n","protected":false},"excerpt":{"rendered":"<p>Rodina \u0160tefan\u010di\u0107 v\u00e1m nab\u00edz\u00ed ubytov\u00e1n\u00ed ve sv\u00e9m dom\u011b v Crikvenici, kter\u00e1 le\u017e\u00ed v severn\u00ed \u010d\u00e1sti Jadranu &#8211; &#8222;Kvarnersk\u00e9m z\u00e1livu&#8220; p\u0159ibli\u017en\u011b 36 km od Rijeky. Apartm\u00e1n, kter\u00fd le\u017e\u00ed nad st\u0159edem m\u011bsta, asi 400 metr\u016f od mo\u0159e a pl\u00e1\u017e\u00ed v\u00e1m nab\u00edz\u00ed p\u0159ekr\u00e1sn\u00fd &hellip; <a href=\"https:\/\/www.crikvenica.cz\/\">Cel\u00fd p\u0159\u00edsp\u011bvek <span class=\"meta-nav\">&rarr;<\/span><\/a><\/p>\n","protected":false},"author":1,"featured_media":0,"parent":0,"menu_order":1,"comment_status":"closed","ping_status":"closed","template":"","meta":{"ngg_post_thumbnail":0,"footnotes":""},"_links":{"self":[{"href":"https:\/\/www.crikvenica.cz\/index.php?rest_route=\/wp\/v2\/pages\/2"}],"collection":[{"href":"https:\/\/www.crikvenica.cz\/index.php?rest_route=\/wp\/v2\/pages"}],"about":[{"href":"https:\/\/www.crikvenica.cz\/index.php?rest_route=\/wp\/v2\/types\/page"}],"author":[{"embeddable":true,"href":"https:\/\/www.crikvenica.cz\/index.php?rest_route=\/wp\/v2\/users\/1"}],"replies":[{"embeddable":true,"href":"https:\/\/www.crikvenica.cz\/index.php?rest_route=%2Fwp%2Fv2%2Fcomments&post=2"}],"version-history":[{"count":9,"href":"https:\/\/www.crikvenica.cz\/index.php?rest_route=\/wp\/v2\/pages\/2\/revisions"}],"predecessor-version":[{"id":1306,"href":"https:\/\/www.crikvenica.cz\/index.php?rest_route=\/wp\/v2\/pages\/2\/revisions\/1306"}],"wp:attachment":[{"href":"https:\/\/www.crikvenica.cz\/index.php?rest_route=%2Fwp%2Fv2%2Fmedia&parent=2"}],"curies":[{"name":"wp","href":"https:\/\/api.w.org\/{rel}","templated":true}]}}