{"id":1295,"date":"2019-02-18T16:59:52","date_gmt":"2019-02-18T15:59:52","guid":{"rendered":"http:\/\/www.crikvenica.cz\/?page_id=1295"},"modified":"2022-05-20T09:54:15","modified_gmt":"2022-05-20T08:54:15","slug":"cenik","status":"publish","type":"page","link":"https:\/\/www.crikvenica.cz\/?page_id=1295","title":{"rendered":"Cen\u00edk"},"content":{"rendered":"<p><div class=\"table-responsive\"><table  style=\"width:600px; \"  class=\"easy-table easy-table-default \" border=\"0\">\n<caption>Denn\u00ed n\u00e1jemn\u00e9, ceny platn\u00e9 pro rok 2022<\/caption>\n<thead>\r\n<tr><th  style=\"width:100px;text-align:center\" >po\u010det l\u016f\u017eek<\/th>\n<th  style=\"width:100px;text-align:center\" >sez\u00f3na 1<\/th>\n<th  style=\"width:100px;text-align:center\" >sez\u00f3na 2<\/th>\n<th  style=\"width:100px;text-align:center\" >sez\u00f3na 3<\/th>\n<th  style=\"width:100px;text-align:center\" >sez\u00f3na 4<\/th>\n<\/tr>\n<\/thead>\n<tbody>\r\n<tr><td  style=\"text-align:center\" ><\/td>\n<td  style=\"text-align:center\" >01.01.-10.06. 27.08.-31.12.<\/td>\n<td  style=\"text-align:center\" > 11.06.-01.07. 20.08.-26.08.<\/td>\n<td  style=\"text-align:center\" > 02.07.-15.07. 13.08.-19.08.<\/td>\n<td  style=\"text-align:center\" > 16.07.-12.08.<\/td>\n<\/tr>\n\r\n<tr><td  style=\"text-align:center\" >2<\/td>\n<td  style=\"text-align:center\" >35\u20ac<\/td>\n<td  style=\"text-align:center\" >35\u20ac<\/td>\n<td  style=\"text-align:center\" >40\u20ac<\/td>\n<td  style=\"text-align:center\" >44\u20ac<\/td>\n<\/tr>\n\r\n<tr><td  style=\"text-align:center\" >4<\/td>\n<td  style=\"text-align:center\" >49\u20ac<\/td>\n<td  style=\"text-align:center\" >54\u20ac<\/td>\n<td  style=\"text-align:center\" >64\u20ac<\/td>\n<td  style=\"text-align:center\" >72\u20ac<\/td>\n<\/tr>\n\r\n<tr><td  style=\"text-align:center\" >6<\/td>\n<td  style=\"text-align:center\" >59\u20ac<\/td>\n<td  style=\"text-align:center\" >64\u20ac<\/td>\n<td  style=\"text-align:center\" >78\u20ac<\/td>\n<td  style=\"text-align:center\" >86\u20ac<\/td>\n<\/tr>\n\r\n<tr><td  style=\"text-align:center\" >p\u0159ist\u00fdlka<\/td>\n<td  style=\"text-align:center\" >6\u20ac<\/td>\n<td  style=\"text-align:center\" >6\u20ac<\/td>\n<td  style=\"text-align:center\" >7\u20ac<\/td>\n<td  style=\"text-align:center\" >8\u20ac<\/td>\n<\/tr>\n<\/tbody><\/table><\/div><br \/>\nD\u00edt\u011b kter\u00e9 sp\u00ed s rodi\u010di 3,5\u20ac<br \/>\nKlimatizace 5\u20ac\/den<\/p>\n","protected":false},"excerpt":{"rendered":"","protected":false},"author":1,"featured_media":0,"parent":0,"menu_order":100,"comment_status":"closed","ping_status":"closed","template":"","meta":{"ngg_post_thumbnail":0,"footnotes":""},"_links":{"self":[{"href":"https:\/\/www.crikvenica.cz\/index.php?rest_route=\/wp\/v2\/pages\/1295"}],"collection":[{"href":"https:\/\/www.crikvenica.cz\/index.php?rest_route=\/wp\/v2\/pages"}],"about":[{"href":"https:\/\/www.crikvenica.cz\/index.php?rest_route=\/wp\/v2\/types\/page"}],"author":[{"embeddable":true,"href":"https:\/\/www.crikvenica.cz\/index.php?rest_route=\/wp\/v2\/users\/1"}],"replies":[{"embeddable":true,"href":"https:\/\/www.crikvenica.cz\/index.php?rest_route=%2Fwp%2Fv2%2Fcomments&post=1295"}],"version-history":[{"count":9,"href":"https:\/\/www.crikvenica.cz\/index.php?rest_route=\/wp\/v2\/pages\/1295\/revisions"}],"predecessor-version":[{"id":1332,"href":"https:\/\/www.crikvenica.cz\/index.php?rest_route=\/wp\/v2\/pages\/1295\/revisions\/1332"}],"wp:attachment":[{"href":"https:\/\/www.crikvenica.cz\/index.php?rest_route=%2Fwp%2Fv2%2Fmedia&parent=1295"}],"curies":[{"name":"wp","href":"https:\/\/api.w.org\/{rel}","templated":true}]}}